{"id":1101,"date":"2022-07-12T14:35:56","date_gmt":"2022-07-12T17:35:56","guid":{"rendered":"https:\/\/cestodos.fcien.edu.uy\/departments-copy\/"},"modified":"2023-08-16T11:03:27","modified_gmt":"2023-08-16T14:03:27","slug":"que-son-los-cestodos","status":"publish","type":"page","link":"https:\/\/cestodos.fcien.edu.uy\/?page_id=1101","title":{"rendered":"Que son los Cestodos"},"content":{"rendered":"<p><div class=\"fusion-fullwidth fullwidth-box fusion-builder-row-1 fusion-flex-container nonhundred-percent-fullwidth non-hundred-percent-height-scrolling\" style=\"--awb-background-position:left top;--awb-background-blend-mode:overlay;--awb-border-sizes-top:0px;--awb-border-sizes-bottom:0px;--awb-border-sizes-left:0px;--awb-border-sizes-right:0px;--awb-border-radius-top-left:0px;--awb-border-radius-top-right:0px;--awb-border-radius-bottom-right:0px;--awb-border-radius-bottom-left:0px;--awb-padding-top:15%;--awb-padding-bottom:5%;--awb-padding-top-small:80px;--awb-padding-bottom-small:40px;--awb-background-color:hsla(var(--awb-color3-h),var(--awb-color3-s),var(--awb-color3-l),calc(var(--awb-color3-a) - 50%));--awb-flex-wrap:wrap;\" ><div class=\"fusion-builder-row fusion-row fusion-flex-align-items-flex-start fusion-flex-content-wrap\" style=\"max-width:1216.8px;margin-left: calc(-4% \/ 2 );margin-right: calc(-4% \/ 2 );\"><div class=\"fusion-layout-column fusion_builder_column fusion-builder-column-0 fusion_builder_column_1_6 1_6 fusion-flex-column fusion-no-small-visibility fusion-no-medium-visibility\" style=\"--awb-bg-blend:overlay;--awb-bg-size:cover;--awb-width-large:16.666666666667%;--awb-margin-top-large:0px;--awb-spacing-right-large:11.52%;--awb-margin-bottom-large:30px;--awb-spacing-left-large:11.52%;--awb-width-medium:100%;--awb-spacing-right-medium:1.92%;--awb-spacing-left-medium:1.92%;--awb-width-small:100%;--awb-spacing-right-small:1.92%;--awb-spacing-left-small:1.92%;\"><div class=\"fusion-column-wrapper fusion-flex-justify-content-flex-start fusion-content-layout-column\"><\/div><\/div><div class=\"fusion-layout-column fusion_builder_column fusion-builder-column-1 fusion_builder_column_2_3 2_3 fusion-flex-column\" style=\"--awb-bg-blend:overlay;--awb-bg-size:cover;--awb-width-large:66.666666666667%;--awb-margin-top-large:0px;--awb-spacing-right-large:2.88%;--awb-margin-bottom-large:30px;--awb-spacing-left-large:2.88%;--awb-width-medium:100%;--awb-spacing-right-medium:1.92%;--awb-spacing-left-medium:1.92%;--awb-width-small:100%;--awb-spacing-right-small:1.92%;--awb-spacing-left-small:1.92%;\"><div class=\"fusion-column-wrapper fusion-flex-justify-content-flex-start fusion-content-layout-column\"><div class=\"fusion-title title fusion-title-1 fusion-sep-none fusion-title-center fusion-title-text fusion-title-size-two\" style=\"--awb-margin-bottom:20px;\"><h2 class=\"fusion-title-heading title-heading-center fusion-responsive-typography-calculated\" style=\"margin:0;--fontSize:46;line-height:1.25;\">\u00bfQu\u00e9 son los cestodos?<\/h2><\/div><div class=\"fusion-title title fusion-title-2 fusion-sep-none fusion-title-center fusion-title-text fusion-title-size-three\" style=\"--awb-font-size:var(--awb-typography2-font-size);\"><h3 class=\"fusion-title-heading title-heading-center fusion-responsive-typography-calculated\" style=\"font-family:var(--awb-typography2-font-family);font-weight:var(--awb-typography2-font-weight);font-style:var(--awb-typography2-font-style);margin:0;font-size:1em;letter-spacing:var(--awb-typography2-letter-spacing);text-transform:var(--awb-typography2-text-transform);--fontSize:22;--minFontSize:22;line-height:var(--awb-typography2-line-height);\"><span style=\"font-weight: 400;\">Los cestodos son un grupo de gusanos par\u00e1sitos, incluyendo especies que causan enfermedades en el ser humano y en animales de producci\u00f3n. Entre estas, las m\u00e1s importantes son <\/span><a href=\"https:\/\/www.who.int\/es\/news-room\/fact-sheets\/detail\/echinococcosis#:~:text=La%20equinococosis%20humana%20es%20una,hidatidosis)%20y%20la%20equinococosis%20alveolar.\"><span style=\"color: #3366ff;\"><i><span style=\"font-weight: 400;\">Echinococcus granulosus<\/span><\/i><\/span><span style=\"font-weight: 400;\"><span style=\"color: #3366ff;\"> (presente en Uruguay)<\/span>, <\/span><span style=\"color: #3366ff;\"><i><span style=\"font-weight: 400;\">Echinococcus multilocularis<\/span><\/i><\/span><\/a><span style=\"font-weight: 400;\"> y <\/span><span style=\"color: #3366ff;\"><a style=\"color: #3366ff;\" href=\"https:\/\/www.who.int\/es\/news-room\/fact-sheets\/detail\/taeniasis-cysticercosis\"><i><span style=\"font-weight: 400;\">Taenia solium<\/span><\/i><\/a><\/span><span style=\"font-weight: 400;\">.<\/span><\/h3><\/div><\/div><\/div><div class=\"fusion-layout-column fusion_builder_column fusion-builder-column-2 fusion_builder_column_1_6 1_6 fusion-flex-column fusion-no-small-visibility fusion-no-medium-visibility\" style=\"--awb-bg-blend:overlay;--awb-bg-size:cover;--awb-width-large:16.666666666667%;--awb-margin-top-large:0px;--awb-spacing-right-large:11.52%;--awb-margin-bottom-large:30px;--awb-spacing-left-large:11.52%;--awb-width-medium:100%;--awb-spacing-right-medium:1.92%;--awb-spacing-left-medium:1.92%;--awb-width-small:100%;--awb-spacing-right-small:1.92%;--awb-spacing-left-small:1.92%;\"><div class=\"fusion-column-wrapper fusion-flex-justify-content-flex-start fusion-content-layout-column\"><\/div><\/div><\/div><\/div><div class=\"fusion-fullwidth fullwidth-box fusion-builder-row-2 fusion-flex-container hundred-percent-fullwidth non-hundred-percent-height-scrolling\" style=\"--awb-background-position:left top;--awb-border-sizes-top:0px;--awb-border-sizes-bottom:0px;--awb-border-sizes-left:0px;--awb-border-sizes-right:0px;--awb-border-radius-top-left:0px;--awb-border-radius-top-right:0px;--awb-border-radius-bottom-right:0px;--awb-border-radius-bottom-left:0px;--awb-padding-top:3%;--awb-padding-right:12%;--awb-padding-bottom:3%;--awb-padding-left:12%;--awb-background-color:hsla(var(--awb-color1-h),var(--awb-color1-s),calc(var(--awb-color1-l) + 78%),var(--awb-color1-a));--awb-flex-wrap:wrap;\" ><div class=\"fusion-builder-row fusion-row fusion-flex-align-items-flex-start fusion-flex-content-wrap\" style=\"width:calc( 100% + 0px ) !important;max-width:calc( 100% + 0px ) !important;margin-left: calc(-0px \/ 2 );margin-right: calc(-0px \/ 2 );\"><div class=\"fusion-layout-column fusion_builder_column fusion-builder-column-3 fusion_builder_column_1_1 1_1 fusion-flex-column\" style=\"--awb-bg-blend:overlay;--awb-bg-size:cover;--awb-width-large:100%;--awb-margin-top-large:0px;--awb-spacing-right-large:0px;--awb-margin-bottom-large:30px;--awb-spacing-left-large:0px;--awb-width-medium:100%;--awb-spacing-right-medium:0px;--awb-spacing-left-medium:0px;--awb-width-small:100%;--awb-spacing-right-small:0px;--awb-spacing-left-small:0px;\"><div class=\"fusion-column-wrapper fusion-flex-justify-content-flex-start fusion-content-layout-column\"><div class=\"fusion-image-element awb-imageframe-style awb-imageframe-style-below awb-imageframe-style-1\" style=\"text-align:center;--awb-caption-title-font-family:var(--h6_typography-font-family);--awb-caption-title-font-weight:var(--h6_typography-font-weight);--awb-caption-title-font-style:var(--h6_typography-font-style);--awb-caption-title-size:var(--h6_typography-font-size);--awb-caption-title-transform:var(--h6_typography-text-transform);--awb-caption-title-line-height:var(--h6_typography-line-height);--awb-caption-title-letter-spacing:var(--h6_typography-letter-spacing);\"><span class=\" fusion-imageframe imageframe-none imageframe-1 hover-type-none\"><img decoding=\"async\" width=\"562\" height=\"435\" alt=\"Cestodos\" title=\"Echinococcus_LifeCycle ESPA\u00d1OL\" src=\"data:image\/svg+xml,%3Csvg%20xmlns%3D%27http%3A%2F%2Fwww.w3.org%2F2000%2Fsvg%27%20width%3D%27562%27%20height%3D%27435%27%20viewBox%3D%270%200%20562%20435%27%3E%3Crect%20width%3D%27562%27%20height%3D%27435%27%20fill-opacity%3D%220%22%2F%3E%3C%2Fsvg%3E\" data-orig-src=\"https:\/\/cestodos.fcien.edu.uy\/wp-content\/uploads\/2022\/07\/Echinococcus_LifeCycle-ESPANOL.gif\" class=\"lazyload img-responsive wp-image-1109\"\/><\/span><div class=\"awb-imageframe-caption-container\" style=\"text-align:center;\"><div class=\"awb-imageframe-caption\"><h6 class=\"awb-imageframe-caption-title\">Echinococcus_LifeCycle ESPA\u00d1OL<\/h6><p class=\"awb-imageframe-caption-text\">Fuente: https:\/\/www.mcdinternational.org\/trainings\/malaria\/spanish\/dpdx\/HTML\/Echinococcosis<\/p><\/div><\/div><\/div><div class=\"fusion-separator fusion-full-width-sep\" style=\"align-self: center;margin-left: auto;margin-right: auto;margin-bottom:2%;width:100%;\"><\/div><\/div><\/div><\/div><\/div><div class=\"fusion-fullwidth fullwidth-box fusion-builder-row-3 fusion-flex-container nonhundred-percent-fullwidth non-hundred-percent-height-scrolling\" style=\"--awb-border-sizes-top:0px;--awb-border-sizes-bottom:0px;--awb-border-sizes-left:0px;--awb-border-sizes-right:0px;--awb-border-radius-top-left:0px;--awb-border-radius-top-right:0px;--awb-border-radius-bottom-right:0px;--awb-border-radius-bottom-left:0px;--awb-padding-top:3%;--awb-padding-right:5%;--awb-padding-bottom:3%;--awb-padding-left:5%;--awb-background-color:var(--awb-color3);--awb-flex-wrap:wrap;\" ><div class=\"fusion-builder-row fusion-row fusion-flex-align-items-stretch fusion-flex-justify-content-center fusion-flex-content-wrap\" style=\"max-width:1216.8px;margin-left: calc(-4% \/ 2 );margin-right: calc(-4% \/ 2 );\"><div class=\"fusion-layout-column fusion_builder_column fusion-builder-column-4 fusion_builder_column_1_2 1_2 fusion-flex-column\" style=\"--awb-padding-right:2%;--awb-padding-left:2%;--awb-bg-color:var(--awb-color7);--awb-bg-color-hover:var(--awb-color7);--awb-bg-size:cover;--awb-border-color:var(--awb-color2);--awb-border-top:2px;--awb-border-right:2px;--awb-border-bottom:2px;--awb-border-left:2px;--awb-border-style:solid;--awb-width-large:50%;--awb-margin-top-large:0px;--awb-spacing-right-large:3.84%;--awb-margin-bottom-large:30px;--awb-spacing-left-large:3.84%;--awb-width-medium:100%;--awb-order-medium:0;--awb-spacing-right-medium:1.92%;--awb-spacing-left-medium:1.92%;--awb-width-small:100%;--awb-order-small:0;--awb-spacing-right-small:1.92%;--awb-spacing-left-small:1.92%;\"><div class=\"fusion-column-wrapper fusion-column-has-shadow fusion-flex-justify-content-flex-start fusion-content-layout-column\"><div class=\"fusion-text fusion-text-1\" style=\"--awb-text-color:var(--awb-color1);\"><p style=\"text-align: justify;\"><span style=\"font-weight: 400;\">Los adultos (llamados popularmente \u00abtenias\u00bb) viven en el intestino del hospedador definitivo, y producen huevos con larvas muy peque\u00f1as, llamadas Onc\u00f3sferas. En el caso de <\/span><i><span style=\"font-weight: 400;\">Echinococcus granulosus<\/span><\/i><span style=\"font-weight: 400;\">, los adultos viven en el intestino de perros, y los huevos que producen son liberados al ambiente con las heces. Estos huevos permanecen en el ambiente hasta que son ingeridos accidentalmente por el siguiente hospedador, que en el caso de <\/span><i><span style=\"font-weight: 400;\">Echinococcus granulosus<\/span><\/i><span style=\"font-weight: 400;\"> pueden ser por ejemplo vacas, ovejas y cerdos, y ocasionalmente tambi\u00e9n seres humanos. <\/span><\/p>\n<\/div><\/div><\/div><div class=\"fusion-layout-column fusion_builder_column fusion-builder-column-5 fusion_builder_column_1_2 1_2 fusion-flex-column\" style=\"--awb-padding-right:2%;--awb-padding-left:2%;--awb-bg-color:var(--awb-color7);--awb-bg-color-hover:var(--awb-color7);--awb-bg-size:cover;--awb-border-color:var(--awb-color2);--awb-border-top:2px;--awb-border-right:2px;--awb-border-bottom:2px;--awb-border-left:2px;--awb-border-style:solid;--awb-width-large:50%;--awb-margin-top-large:0px;--awb-spacing-right-large:3.84%;--awb-margin-bottom-large:30px;--awb-spacing-left-large:3.84%;--awb-width-medium:100%;--awb-order-medium:0;--awb-spacing-right-medium:1.92%;--awb-spacing-left-medium:1.92%;--awb-width-small:100%;--awb-order-small:0;--awb-spacing-right-small:1.92%;--awb-spacing-left-small:1.92%;\"><div class=\"fusion-column-wrapper fusion-column-has-shadow fusion-flex-justify-content-flex-start fusion-content-layout-column\"><div class=\"fusion-text fusion-text-2\" style=\"--awb-text-color:var(--awb-color1);\"><p style=\"text-align: justify;\"><span style=\"font-weight: 400;\">En el intestino del hospedador, la onc\u00f3sfera sale del huevo, llega al torrente sangu\u00edneo y se establece t\u00edpicamente en el h\u00edgado o en los pulmones. Ah\u00ed, se transforma en el siguiente estadio (la hid\u00e1tide), que crece como un quiste en estos \u00f3rganos causando diversas complicaciones que pueden llegar a la muerte del hospedador. Dentro del quiste, se forman miles de peque\u00f1as larvas llamadas protoesc\u00f3lices. Cuando un perro se alimenta de v\u00edsceras (achuras) crudas de un animal infectado, los protoesc\u00f3lices pueden infectarlo, transform\u00e1ndose en gusanos adultos, cerrando as\u00ed el ciclo.<\/span><\/p>\n<\/div><\/div><\/div><div class=\"fusion-layout-column fusion_builder_column fusion-builder-column-6 fusion_builder_column_1_1 1_1 fusion-flex-column\" style=\"--awb-bg-size:cover;--awb-width-large:100%;--awb-margin-top-large:0px;--awb-spacing-right-large:1.92%;--awb-margin-bottom-large:30px;--awb-spacing-left-large:1.92%;--awb-width-medium:100%;--awb-order-medium:0;--awb-spacing-right-medium:1.92%;--awb-spacing-left-medium:1.92%;--awb-width-small:100%;--awb-order-small:0;--awb-spacing-right-small:1.92%;--awb-spacing-left-small:1.92%;\"><div class=\"fusion-column-wrapper fusion-column-has-shadow fusion-flex-justify-content-flex-start fusion-content-layout-column\"><div class=\"fusion-text fusion-text-3\" style=\"--awb-content-alignment:center;--awb-text-color:var(--awb-color7);\"><p style=\"text-align: center;\"><span style=\"font-weight: 400;\">El ciclo de vida de <\/span><i><span style=\"font-weight: 400;\">Echinococcus granulosus<\/span><\/i> <a href=\"https:\/\/www.zoonosis.gub.uy\/hidatidosis\" target=\"_blank\" rel=\"noopener\"><span style=\"font-weight: 400;\"><span style=\"color: #3366ff;\">puede ser controlado<\/span><\/span><\/a><span style=\"font-weight: 400;\">.\u00a0 Es importante <\/span><b>desparasitar regularmente<\/b> <b>a los perros<\/b><span style=\"font-weight: 400;\"> (para eliminar los gusanos adultos que pueden estar infect\u00e1ndolos), y <\/span><b>jam\u00e1s dar de comer achuras crudas a los perros<\/b><span style=\"font-weight: 400;\"> (para evitar que se infecten). Cocinar las achuras es suficiente para prevenir la infecci\u00f3n.<\/span><\/p>\n<p style=\"text-align: center;\"><span style=\"font-weight: 400;\">En nuestro laboratorio, muchas de nuestras l\u00edneas de investigaci\u00f3n se basan en el estudio de otra especie de cestodo, <\/span><span style=\"color: #3366ff;\"><a style=\"color: #3366ff;\" href=\"https:\/\/cestodos.fcien.edu.uy\/hymenolepis-microstoma\/\"><b><i>Hymenolepis microstoma<\/i><\/b><\/a><\/span><span style=\"font-weight: 400;\"><span style=\"color: #3366ff;\">.<\/span> Esta especie no es peligrosa para los seres humanos, y se puede mantener f\u00e1cilmente en el laboratorio, por lo que es un valioso modelo experimental.<\/span><\/p>\n<\/div><\/div><\/div><\/div><\/div><\/p>\n","protected":false},"excerpt":{"rendered":"","protected":false},"author":1,"featured_media":0,"parent":0,"menu_order":0,"comment_status":"closed","ping_status":"closed","template":"100-width.php","meta":{"footnotes":""},"class_list":["post-1101","page","type-page","status-publish","hentry"],"lang":"es","translations":{"es":1101,"en":1310},"pll_sync_post":[],"_links":{"self":[{"href":"https:\/\/cestodos.fcien.edu.uy\/index.php?rest_route=\/wp\/v2\/pages\/1101","targetHints":{"allow":["GET"]}}],"collection":[{"href":"https:\/\/cestodos.fcien.edu.uy\/index.php?rest_route=\/wp\/v2\/pages"}],"about":[{"href":"https:\/\/cestodos.fcien.edu.uy\/index.php?rest_route=\/wp\/v2\/types\/page"}],"author":[{"embeddable":true,"href":"https:\/\/cestodos.fcien.edu.uy\/index.php?rest_route=\/wp\/v2\/users\/1"}],"replies":[{"embeddable":true,"href":"https:\/\/cestodos.fcien.edu.uy\/index.php?rest_route=%2Fwp%2Fv2%2Fcomments&post=1101"}],"version-history":[{"count":21,"href":"https:\/\/cestodos.fcien.edu.uy\/index.php?rest_route=\/wp\/v2\/pages\/1101\/revisions"}],"predecessor-version":[{"id":1182,"href":"https:\/\/cestodos.fcien.edu.uy\/index.php?rest_route=\/wp\/v2\/pages\/1101\/revisions\/1182"}],"wp:attachment":[{"href":"https:\/\/cestodos.fcien.edu.uy\/index.php?rest_route=%2Fwp%2Fv2%2Fmedia&parent=1101"}],"curies":[{"name":"wp","href":"https:\/\/api.w.org\/{rel}","templated":true}]}}